{"id":238,"date":"2023-01-20T01:44:58","date_gmt":"2023-01-20T01:44:58","guid":{"rendered":"https:\/\/archipeluniversity.com\/?page_id=238"},"modified":"2023-05-07T15:30:40","modified_gmt":"2023-05-07T15:30:40","slug":"about-us","status":"publish","type":"page","link":"https:\/\/archipeluniversity.com\/es\/about-us\/","title":{"rendered":"Sobre nosotros"},"content":{"rendered":"<div data-elementor-type=\"wp-page\" data-elementor-id=\"238\" class=\"elementor elementor-238\">\n\t\t\t\t\t\t\t\t\t<section class=\"elementor-section elementor-top-section elementor-element elementor-element-2e76e100 elementor-section-boxed elementor-section-height-default elementor-section-height-default\" data-id=\"2e76e100\" data-element_type=\"section\" data-settings=\"{&quot;background_background&quot;:&quot;classic&quot;}\">\n\t\t\t\t\t\t\t<div class=\"elementor-background-overlay\"><\/div>\n\t\t\t\t\t\t\t<div class=\"elementor-container elementor-column-gap-default\">\n\t\t\t\t\t<div class=\"elementor-column elementor-col-100 elementor-top-column elementor-element elementor-element-21095b9b\" data-id=\"21095b9b\" data-element_type=\"column\">\n\t\t\t<div class=\"elementor-widget-wrap elementor-element-populated\">\n\t\t\t\t\t\t\t\t<section class=\"elementor-section elementor-inner-section elementor-element elementor-element-21a99c4e elementor-section-boxed elementor-section-height-default elementor-section-height-default\" data-id=\"21a99c4e\" data-element_type=\"section\">\n\t\t\t\t\t\t<div class=\"elementor-container elementor-column-gap-default\">\n\t\t\t\t\t<div class=\"elementor-column elementor-col-100 elementor-inner-column elementor-element elementor-element-d677c78\" data-id=\"d677c78\" data-element_type=\"column\">\n\t\t\t<div class=\"elementor-widget-wrap elementor-element-populated\">\n\t\t\t\t\t\t\t\t<div class=\"elementor-element elementor-element-4d14eca8 elementor-invisible elementor-widget elementor-widget-heading\" data-id=\"4d14eca8\" data-element_type=\"widget\" data-settings=\"{&quot;_animation&quot;:&quot;fadeInUp&quot;}\" data-widget_type=\"heading.default\">\n\t\t\t\t<div class=\"elementor-widget-container\">\n\t\t\t<style>\/*! elementor - v3.11.0 - 13-02-2023 *\/\n.elementor-heading-title{padding:0;margin:0;line-height:1}.elementor-widget-heading .elementor-heading-title[class*=elementor-size-]>a{color:inherit;font-size:inherit;line-height:inherit}.elementor-widget-heading .elementor-heading-title.elementor-size-small{font-size:15px}.elementor-widget-heading .elementor-heading-title.elementor-size-medium{font-size:19px}.elementor-widget-heading .elementor-heading-title.elementor-size-large{font-size:29px}.elementor-widget-heading .elementor-heading-title.elementor-size-xl{font-size:39px}.elementor-widget-heading .elementor-heading-title.elementor-size-xxl{font-size:59px}<\/style><h1 class=\"elementor-heading-title elementor-size-default\">aprender y prosperar<\/h1>\t\t<\/div>\n\t\t\t\t<\/div>\n\t\t\t\t<div class=\"elementor-element elementor-element-613b52dc elementor-invisible elementor-widget elementor-widget-heading\" data-id=\"613b52dc\" data-element_type=\"widget\" data-settings=\"{&quot;_animation&quot;:&quot;fadeInUp&quot;,&quot;_animation_delay&quot;:200}\" data-widget_type=\"heading.default\">\n\t\t\t\t<div class=\"elementor-widget-container\">\n\t\t\t<h4 class=\"elementor-heading-title elementor-size-default\">Archipel University Business English Center est\u00e1 equipado con sistemas de informaci\u00f3n que facilitan un r\u00e1pido aprendizaje pr\u00e1ctico con profesores competentes, principalmente de universidades estadounidenses. Nuestro principal objetivo es ofrecer una educaci\u00f3n superior biling\u00fce franc\u00e9s\/ingl\u00e9s, garantizando un diploma modelo americano.<\/h4>\t\t<\/div>\n\t\t\t\t<\/div>\n\t\t\t\t\t<\/div>\n\t\t<\/div>\n\t\t\t\t\t\t\t<\/div>\n\t\t<\/section>\n\t\t\t\t\t<\/div>\n\t\t<\/div>\n\t\t\t\t\t\t\t<\/div>\n\t\t<\/section>\n\t\t\t\t<section class=\"elementor-section elementor-top-section elementor-element elementor-element-6a6ae2e8 elementor-section-content-middle elementor-section-boxed elementor-section-height-default elementor-section-height-default\" data-id=\"6a6ae2e8\" data-element_type=\"section\">\n\t\t\t\t\t\t<div class=\"elementor-container elementor-column-gap-default\">\n\t\t\t\t\t<div class=\"elementor-column elementor-col-50 elementor-top-column elementor-element elementor-element-a821d6b elementor-invisible\" data-id=\"a821d6b\" data-element_type=\"column\" data-settings=\"{&quot;animation&quot;:&quot;fadeInLeft&quot;}\">\n\t\t\t<div class=\"elementor-widget-wrap elementor-element-populated\">\n\t\t\t\t\t\t\t\t<div class=\"elementor-element elementor-element-71254d75 elementor-widget elementor-widget-heading\" data-id=\"71254d75\" data-element_type=\"widget\" data-widget_type=\"heading.default\">\n\t\t\t\t<div class=\"elementor-widget-container\">\n\t\t\t<h2 class=\"elementor-heading-title elementor-size-default\">Centro de ingl\u00e9s comercial de la Universidad de Archipel<\/h2>\t\t<\/div>\n\t\t\t\t<\/div>\n\t\t\t\t<div class=\"elementor-element elementor-element-3f04712d elementor-widget elementor-widget-text-editor\" data-id=\"3f04712d\" data-element_type=\"widget\" data-widget_type=\"text-editor.default\">\n\t\t\t\t<div class=\"elementor-widget-container\">\n\t\t\t<style>\/*! elementor - v3.11.0 - 13-02-2023 *\/\n.elementor-widget-text-editor.elementor-drop-cap-view-stacked .elementor-drop-cap{background-color:#818a91;color:#fff}.elementor-widget-text-editor.elementor-drop-cap-view-framed .elementor-drop-cap{color:#818a91;border:3px solid;background-color:transparent}.elementor-widget-text-editor:not(.elementor-drop-cap-view-default) .elementor-drop-cap{margin-top:8px}.elementor-widget-text-editor:not(.elementor-drop-cap-view-default) .elementor-drop-cap-letter{width:1em;height:1em}.elementor-widget-text-editor .elementor-drop-cap{float:left;text-align:center;line-height:1;font-size:50px}.elementor-widget-text-editor .elementor-drop-cap-letter{display:inline-block}<\/style>\t\t\t\t<p>Archipel University Business English Center est\u00e1 equipado con sistemas de informaci\u00f3n que facilitan un r\u00e1pido aprendizaje pr\u00e1ctico con profesores competentes, principalmente de universidades estadounidenses.<\/p><p><br \/>Archipel University combina los elementos del aprendizaje tradicional y en l\u00ednea con el objetivo de brindar una educaci\u00f3n superior pr\u00e1ctica para garantizar el desarrollo sostenible a trav\u00e9s de la educaci\u00f3n.<\/p><p>El centro busca activamente asociaciones p\u00fablicas y privadas, as\u00ed como el compromiso de las comunidades religiosas con la creaci\u00f3n de empleo para combatir el desempleo.<\/p><p>En una era donde la tecnolog\u00eda est\u00e1 creando una revoluci\u00f3n en la educaci\u00f3n, miles de estudiantes pueden acceder a esta fuerza creativa que puede asegurar un mejor futuro para el individuo y su comunidad.<\/p><p>Con un plan de estudios de m\u00e1s de 1,000 cursos en nuestro repertorio, nuestro objetivo es integrar a miles de j\u00f3venes y todos aquellos que tienen sed de conocimiento para su desarrollo individual, social y econ\u00f3mico con maestros y tutores estadounidenses.<\/p>\t\t\t\t\t\t<\/div>\n\t\t\t\t<\/div>\n\t\t\t\t\t<\/div>\n\t\t<\/div>\n\t\t\t\t<div class=\"elementor-column elementor-col-50 elementor-top-column elementor-element elementor-element-19bd46ee elementor-invisible\" data-id=\"19bd46ee\" data-element_type=\"column\" data-settings=\"{&quot;animation&quot;:&quot;fadeInRight&quot;}\">\n\t\t\t<div class=\"elementor-widget-wrap elementor-element-populated\">\n\t\t\t\t\t\t\t\t<div class=\"elementor-element elementor-element-662c9023 elementor-widget elementor-widget-image\" data-id=\"662c9023\" data-element_type=\"widget\" data-widget_type=\"image.default\">\n\t\t\t\t<div class=\"elementor-widget-container\">\n\t\t\t<style>\/*! elementor - v3.11.0 - 13-02-2023 *\/\n.elementor-widget-image{text-align:center}.elementor-widget-image a{display:inline-block}.elementor-widget-image a img[src$=\".svg\"]{width:48px}.elementor-widget-image img{vertical-align:middle;display:inline-block}<\/style>\t\t\t\t\t\t\t\t\t\t\t\t<img loading=\"lazy\" decoding=\"async\" width=\"1280\" height=\"853\" src=\"https:\/\/archipeluniversity.com\/wp-content\/uploads\/2023\/01\/generic_imgs_01.jpg\" class=\"attachment-full size-full wp-image-94\" alt=\"\" srcset=\"https:\/\/archipeluniversity.com\/wp-content\/uploads\/2023\/01\/generic_imgs_01.jpg 1280w, https:\/\/archipeluniversity.com\/wp-content\/uploads\/2023\/01\/generic_imgs_01-300x200.jpg 300w, https:\/\/archipeluniversity.com\/wp-content\/uploads\/2023\/01\/generic_imgs_01-1024x682.jpg 1024w, https:\/\/archipeluniversity.com\/wp-content\/uploads\/2023\/01\/generic_imgs_01-768x512.jpg 768w\" sizes=\"auto, (max-width: 1280px) 100vw, 1280px\" \/>\t\t\t\t\t\t\t\t\t\t\t\t\t\t\t<\/div>\n\t\t\t\t<\/div>\n\t\t\t\t\t<\/div>\n\t\t<\/div>\n\t\t\t\t\t\t\t<\/div>\n\t\t<\/section>\n\t\t\t\t<section class=\"elementor-section elementor-top-section elementor-element elementor-element-2504493 elementor-section-content-middle elementor-section-boxed elementor-section-height-default elementor-section-height-default\" data-id=\"2504493\" data-element_type=\"section\">\n\t\t\t\t\t\t<div class=\"elementor-container elementor-column-gap-default\">\n\t\t\t\t\t<div class=\"elementor-column elementor-col-50 elementor-top-column elementor-element elementor-element-60260a1 elementor-invisible\" data-id=\"60260a1\" data-element_type=\"column\" data-settings=\"{&quot;animation&quot;:&quot;fadeInRight&quot;}\">\n\t\t\t<div class=\"elementor-widget-wrap elementor-element-populated\">\n\t\t\t\t\t\t\t\t<div class=\"elementor-element elementor-element-02281c4 elementor-widget elementor-widget-image\" data-id=\"02281c4\" data-element_type=\"widget\" data-widget_type=\"image.default\">\n\t\t\t\t<div class=\"elementor-widget-container\">\n\t\t\t\t\t\t\t\t\t\t\t\t\t\t\t<img loading=\"lazy\" decoding=\"async\" width=\"1280\" height=\"853\" src=\"https:\/\/archipeluniversity.com\/wp-content\/uploads\/2023\/04\/boston.jpg\" class=\"attachment-full size-full wp-image-881\" alt=\"\" srcset=\"https:\/\/archipeluniversity.com\/wp-content\/uploads\/2023\/04\/boston.jpg 1280w, https:\/\/archipeluniversity.com\/wp-content\/uploads\/2023\/04\/boston-300x200.jpg 300w, https:\/\/archipeluniversity.com\/wp-content\/uploads\/2023\/04\/boston-1024x682.jpg 1024w, https:\/\/archipeluniversity.com\/wp-content\/uploads\/2023\/04\/boston-768x512.jpg 768w, https:\/\/archipeluniversity.com\/wp-content\/uploads\/2023\/04\/boston-18x12.jpg 18w, https:\/\/archipeluniversity.com\/wp-content\/uploads\/2023\/04\/boston-600x400.jpg 600w\" sizes=\"auto, (max-width: 1280px) 100vw, 1280px\" \/>\t\t\t\t\t\t\t\t\t\t\t\t\t\t\t<\/div>\n\t\t\t\t<\/div>\n\t\t\t\t\t<\/div>\n\t\t<\/div>\n\t\t\t\t<div class=\"elementor-column elementor-col-50 elementor-top-column elementor-element elementor-element-c1bd3f4 elementor-invisible\" data-id=\"c1bd3f4\" data-element_type=\"column\" data-settings=\"{&quot;animation&quot;:&quot;fadeInLeft&quot;}\">\n\t\t\t<div class=\"elementor-widget-wrap elementor-element-populated\">\n\t\t\t\t\t\t\t\t<div class=\"elementor-element elementor-element-2ebdfd9 elementor-widget elementor-widget-heading\" data-id=\"2ebdfd9\" data-element_type=\"widget\" data-widget_type=\"heading.default\">\n\t\t\t\t<div class=\"elementor-widget-container\">\n\t\t\t<h2 class=\"elementor-heading-title elementor-size-default\">Fundaci\u00f3n Eritaj Inc.<\/h2>\t\t<\/div>\n\t\t\t\t<\/div>\n\t\t\t\t<div class=\"elementor-element elementor-element-41bed75 elementor-widget elementor-widget-text-editor\" data-id=\"41bed75\" data-element_type=\"widget\" data-widget_type=\"text-editor.default\">\n\t\t\t\t<div class=\"elementor-widget-container\">\n\t\t\t\t\t\t\t<p>Fundaci\u00f3n Eritaj, una fundaci\u00f3n comunitaria con sede en <strong>Massachusetts<\/strong>, ha promovido el desarrollo humano y comunitario en Hait\u00ed desde 1999.<\/p><p>Nuestros socios, iglesias, escuelas y centros de salud, han servido<strong> miles de ni\u00f1os, j\u00f3venes y sus familias<\/strong>, brindando educaci\u00f3n, gu\u00eda y recursos espirituales, prevenci\u00f3n de la salud y desarrollo econ\u00f3mico, muy necesarios para sanar las heridas del pa\u00eds.<\/p><p>Hemos publicado los boletines Eritaj Chronicle para<strong> m\u00e1s de 8 a\u00f1os<\/strong>, mostrando el arduo trabajo de nuestros socios, una expresi\u00f3n de la aguda necesidad de una mayor colaboraci\u00f3n entre las instituciones haitianas para solidificar el tejido de la sociedad. Grandes y peque\u00f1as, locales e internacionales, con o sin un presupuesto decente, con expertos o manejando a tientas a los ne\u00f3fitos, casi todas las ONG y OSFL que trabajan en Hait\u00ed se han beneficiado del compromiso de Eritaj en la elaboraci\u00f3n de un legado de esperanza para un Hait\u00ed mejor.<\/p><p>\u200b<strong>Centro de ingl\u00e9s comercial de la Universidad de Archipel<\/strong>, una rama de la Fundaci\u00f3n Eritaj, sostiene el principio de que la caridad ser\u00e1 una carga mayor para Hait\u00ed, en lugar de producir los resultados iniciales esperados. Observamos, despu\u00e9s de casi dos d\u00e9cadas de inmersi\u00f3n y pr\u00e1ctica, que una educaci\u00f3n pr\u00e1ctica afinada junto con los valores fundamentales que los ciudadanos haitianos tradicionalmente aprecian, ser\u00e1 el vector significativo de cambio para las comunidades de todo el pa\u00eds.<\/p><p>El viaje se desarrolla con todas las agradables sorpresas de la vida y fracasos ocasionales. Sin embargo, seguimos! Te invitamos a participar en hacer historia con el <strong>primer sistema de educaci\u00f3n superior en ingl\u00e9s en el pa\u00eds<\/strong>. Sabemos que como estudiante, docente o participante, su propio viaje puede mejorar y encontrar un significado en este trabajo de amor.<\/p><p>\u200b\u00a1Con\u00e9ctese con nosotros para una mejor y m\u00e1s fuerte generaci\u00f3n de l\u00edderes para Hait\u00ed!<\/p>\t\t\t\t\t\t<\/div>\n\t\t\t\t<\/div>\n\t\t\t\t\t<\/div>\n\t\t<\/div>\n\t\t\t\t\t\t\t<\/div>\n\t\t<\/section>\n\t\t\t\t<section class=\"elementor-section elementor-top-section elementor-element elementor-element-377e746c elementor-section-boxed elementor-section-height-default elementor-section-height-default\" data-id=\"377e746c\" data-element_type=\"section\" data-settings=\"{&quot;background_background&quot;:&quot;classic&quot;}\">\n\t\t\t\t\t\t<div class=\"elementor-container elementor-column-gap-default\">\n\t\t\t\t\t<div class=\"elementor-column elementor-col-100 elementor-top-column elementor-element elementor-element-a97e83f\" data-id=\"a97e83f\" data-element_type=\"column\">\n\t\t\t<div class=\"elementor-widget-wrap elementor-element-populated\">\n\t\t\t\t\t\t\t\t<section class=\"elementor-section elementor-inner-section elementor-element elementor-element-696f9b7c elementor-section-boxed elementor-section-height-default elementor-section-height-default elementor-invisible\" data-id=\"696f9b7c\" data-element_type=\"section\" data-settings=\"{&quot;animation&quot;:&quot;fadeIn&quot;,&quot;animation_delay&quot;:200}\">\n\t\t\t\t\t\t<div class=\"elementor-container elementor-column-gap-default\">\n\t\t\t\t\t<div class=\"elementor-column elementor-col-50 elementor-inner-column elementor-element elementor-element-141b9f3c\" data-id=\"141b9f3c\" data-element_type=\"column\">\n\t\t\t<div class=\"elementor-widget-wrap elementor-element-populated\">\n\t\t\t\t\t\t\t\t<div class=\"elementor-element elementor-element-4953c3e9 elementor-widget elementor-widget-heading\" data-id=\"4953c3e9\" data-element_type=\"widget\" data-widget_type=\"heading.default\">\n\t\t\t\t<div class=\"elementor-widget-container\">\n\t\t\t<h2 class=\"elementor-heading-title elementor-size-default\"> La matriz de Archipel University es una organizaci\u00f3n 501(c)3 sin fines de lucro, fundada en 1999 en Boston, Massachusetts.\n<\/h2>\t\t<\/div>\n\t\t\t\t<\/div>\n\t\t\t\t\t<\/div>\n\t\t<\/div>\n\t\t\t\t<div class=\"elementor-column elementor-col-50 elementor-inner-column elementor-element elementor-element-2b57f2c\" data-id=\"2b57f2c\" data-element_type=\"column\">\n\t\t\t<div class=\"elementor-widget-wrap elementor-element-populated\">\n\t\t\t\t\t\t\t\t<div class=\"elementor-element elementor-element-1753cf24 elementor-widget elementor-widget-text-editor\" data-id=\"1753cf24\" data-element_type=\"widget\" data-widget_type=\"text-editor.default\">\n\t\t\t\t<div class=\"elementor-widget-container\">\n\t\t\t\t\t\t\t<p><b>archipi\u00e9lago<\/b><b> Centro Universitario es un Sistema de Aprendizaje No Tradicional<\/b><\/p>\t\t\t\t\t\t<\/div>\n\t\t\t\t<\/div>\n\t\t\t\t\t<\/div>\n\t\t<\/div>\n\t\t\t\t\t\t\t<\/div>\n\t\t<\/section>\n\t\t\t\t<section class=\"elementor-section elementor-inner-section elementor-element elementor-element-47ee420b elementor-section-boxed elementor-section-height-default elementor-section-height-default elementor-invisible\" data-id=\"47ee420b\" data-element_type=\"section\" data-settings=\"{&quot;animation&quot;:&quot;fadeIn&quot;,&quot;animation_delay&quot;:300}\">\n\t\t\t\t\t\t<div class=\"elementor-container elementor-column-gap-default\">\n\t\t\t\t\t<div class=\"elementor-column elementor-col-33 elementor-inner-column elementor-element elementor-element-59bc657e\" data-id=\"59bc657e\" data-element_type=\"column\">\n\t\t\t<div class=\"elementor-widget-wrap elementor-element-populated\">\n\t\t\t\t\t\t\t\t<div class=\"elementor-element elementor-element-65819133 elementor-widget elementor-widget-counter\" data-id=\"65819133\" data-element_type=\"widget\" data-widget_type=\"counter.default\">\n\t\t\t\t<div class=\"elementor-widget-container\">\n\t\t\t<style>\/*! elementor - v3.11.0 - 13-02-2023 *\/\n.elementor-counter .elementor-counter-number-wrapper{display:flex;font-size:69px;font-weight:600;line-height:1}.elementor-counter .elementor-counter-number-prefix,.elementor-counter .elementor-counter-number-suffix{flex-grow:1;white-space:pre-wrap}.elementor-counter .elementor-counter-number-prefix{text-align:right}.elementor-counter .elementor-counter-number-suffix{text-align:left}.elementor-counter .elementor-counter-title{text-align:center;font-size:19px;font-weight:400;line-height:2.5}<\/style>\t\t<div class=\"elementor-counter\">\n\t\t\t<div class=\"elementor-counter-number-wrapper\">\n\t\t\t\t<span class=\"elementor-counter-number-prefix\"><\/span>\n\t\t\t\t<span class=\"elementor-counter-number\" data-duration=\"2000\" data-to-value=\"91\" data-from-value=\"0\" data-delimiter=\",\">0<\/span>\n\t\t\t\t<span class=\"elementor-counter-number-suffix\">%<\/span>\n\t\t\t<\/div>\n\t\t\t\t\t\t\t<div class=\"elementor-counter-title\">Trabajar con escuelas e iglesias<\/div>\n\t\t\t\t\t<\/div>\n\t\t\t\t<\/div>\n\t\t\t\t<\/div>\n\t\t\t\t\t<\/div>\n\t\t<\/div>\n\t\t\t\t<div class=\"elementor-column elementor-col-33 elementor-inner-column elementor-element elementor-element-5d0d596c\" data-id=\"5d0d596c\" data-element_type=\"column\">\n\t\t\t<div class=\"elementor-widget-wrap elementor-element-populated\">\n\t\t\t\t\t\t\t\t<div class=\"elementor-element elementor-element-447d22ed elementor-widget elementor-widget-counter\" data-id=\"447d22ed\" data-element_type=\"widget\" data-widget_type=\"counter.default\">\n\t\t\t\t<div class=\"elementor-widget-container\">\n\t\t\t\t\t<div class=\"elementor-counter\">\n\t\t\t<div class=\"elementor-counter-number-wrapper\">\n\t\t\t\t<span class=\"elementor-counter-number-prefix\"><\/span>\n\t\t\t\t<span class=\"elementor-counter-number\" data-duration=\"2000\" data-to-value=\"4.2\" data-from-value=\"0\" data-delimiter=\",\">0<\/span>\n\t\t\t\t<span class=\"elementor-counter-number-suffix\">+<\/span>\n\t\t\t<\/div>\n\t\t\t\t\t\t\t<div class=\"elementor-counter-title\">Revista bimensual<\/div>\n\t\t\t\t\t<\/div>\n\t\t\t\t<\/div>\n\t\t\t\t<\/div>\n\t\t\t\t\t<\/div>\n\t\t<\/div>\n\t\t\t\t<div class=\"elementor-column elementor-col-33 elementor-inner-column elementor-element elementor-element-439f6f58\" data-id=\"439f6f58\" data-element_type=\"column\">\n\t\t\t<div class=\"elementor-widget-wrap elementor-element-populated\">\n\t\t\t\t\t\t\t\t<div class=\"elementor-element elementor-element-60c5858e elementor-widget elementor-widget-counter\" data-id=\"60c5858e\" data-element_type=\"widget\" data-widget_type=\"counter.default\">\n\t\t\t\t<div class=\"elementor-widget-container\">\n\t\t\t\t\t<div class=\"elementor-counter\">\n\t\t\t<div class=\"elementor-counter-number-wrapper\">\n\t\t\t\t<span class=\"elementor-counter-number-prefix\"><\/span>\n\t\t\t\t<span class=\"elementor-counter-number\" data-duration=\"2000\" data-to-value=\"93\" data-from-value=\"0\" data-delimiter=\",\">0<\/span>\n\t\t\t\t<span class=\"elementor-counter-number-suffix\">%<\/span>\n\t\t\t<\/div>\n\t\t\t\t\t\t\t<div class=\"elementor-counter-title\">Programa de Microcr\u00e9dito<\/div>\n\t\t\t\t\t<\/div>\n\t\t\t\t<\/div>\n\t\t\t\t<\/div>\n\t\t\t\t\t<\/div>\n\t\t<\/div>\n\t\t\t\t\t\t\t<\/div>\n\t\t<\/section>\n\t\t\t\t\t<\/div>\n\t\t<\/div>\n\t\t\t\t\t\t\t<\/div>\n\t\t<\/section>\n\t\t\t\t<section class=\"elementor-section elementor-top-section elementor-element elementor-element-449df16d elementor-section-boxed elementor-section-height-default elementor-section-height-default\" data-id=\"449df16d\" data-element_type=\"section\" data-settings=\"{&quot;background_background&quot;:&quot;classic&quot;}\">\n\t\t\t\t\t\t\t<div class=\"elementor-background-overlay\"><\/div>\n\t\t\t\t\t\t\t<div class=\"elementor-container elementor-column-gap-default\">\n\t\t\t\t\t<div class=\"elementor-column elementor-col-100 elementor-top-column elementor-element elementor-element-3887dc1d elementor-invisible\" data-id=\"3887dc1d\" data-element_type=\"column\" data-settings=\"{&quot;animation&quot;:&quot;fadeInUp&quot;}\">\n\t\t\t<div class=\"elementor-widget-wrap elementor-element-populated\">\n\t\t\t\t\t\t\t\t<div class=\"elementor-element elementor-element-606c965c elementor-widget elementor-widget-heading\" data-id=\"606c965c\" data-element_type=\"widget\" data-widget_type=\"heading.default\">\n\t\t\t\t<div class=\"elementor-widget-container\">\n\t\t\t<h2 class=\"elementor-heading-title elementor-size-default\">Los estudiantes practicantes trabajan junto con miembros de la facultad, directores regionales y gerentes para sostener el proceso de aprendizaje.<\/h2>\t\t<\/div>\n\t\t\t\t<\/div>\n\t\t\t\t\t<\/div>\n\t\t<\/div>\n\t\t\t\t\t\t\t<\/div>\n\t\t<\/section>\n\t\t\t\t<section class=\"elementor-section elementor-top-section elementor-element elementor-element-c5fdce9 elementor-section-boxed elementor-section-height-default elementor-section-height-default\" data-id=\"c5fdce9\" data-element_type=\"section\" data-settings=\"{&quot;background_background&quot;:&quot;classic&quot;}\">\n\t\t\t\t\t\t\t<div class=\"elementor-background-overlay\"><\/div>\n\t\t\t\t\t\t\t<div class=\"elementor-container elementor-column-gap-default\">\n\t\t\t\t\t<div class=\"elementor-column elementor-col-100 elementor-top-column elementor-element elementor-element-b5c726a\" data-id=\"b5c726a\" data-element_type=\"column\">\n\t\t\t<div class=\"elementor-widget-wrap elementor-element-populated\">\n\t\t\t\t\t\t\t\t<div class=\"elementor-element elementor-element-baa10f9 elementor-widget elementor-widget-heading\" data-id=\"baa10f9\" data-element_type=\"widget\" data-widget_type=\"heading.default\">\n\t\t\t\t<div class=\"elementor-widget-container\">\n\t\t\t<h2 class=\"elementor-heading-title elementor-size-default\">Solicite hoy la Universidad de Archipel y descubra c\u00f3mo el conocimiento puede mejorar su vida<\/h2>\t\t<\/div>\n\t\t\t\t<\/div>\n\t\t\t\t<div class=\"elementor-element elementor-element-a00fb95 elementor-align-center elementor-widget elementor-widget-button\" data-id=\"a00fb95\" data-element_type=\"widget\" data-widget_type=\"button.default\">\n\t\t\t\t<div class=\"elementor-widget-container\">\n\t\t\t\t\t<div class=\"elementor-button-wrapper\">\n\t\t\t<a href=\"https:\/\/archipeluniversity.com\/wp-content\/uploads\/2023\/05\/Tuition-au.pdf\" class=\"elementor-button-link elementor-button elementor-size-md\" role=\"button\">\n\t\t\t\t\t\t<span class=\"elementor-button-content-wrapper\">\n\t\t\t\t\t\t<span class=\"elementor-button-text\">Formulario de matr\u00edcula<\/span>\n\t\t<\/span>\n\t\t\t\t\t<\/a>\n\t\t<\/div>\n\t\t\t\t<\/div>\n\t\t\t\t<\/div>\n\t\t\t\t\t<\/div>\n\t\t<\/div>\n\t\t\t\t\t\t\t<\/div>\n\t\t<\/section>\n\t\t\t\t\t\t\t<\/div>","protected":false},"excerpt":{"rendered":"<p>Learn &#038; Prosper Archipel University Business English Center is equipped with information systems that facilitate fast practical learning with competent professors, mainly from American universities. Our main objective is to offer a French\/English bilingual higher education, guaranteeing an American model diploma. Archipel University Business English Center Archipel University Business English Center is equipped with information [&hellip;]<\/p>","protected":false},"author":1,"featured_media":0,"parent":0,"menu_order":0,"comment_status":"closed","ping_status":"closed","template":"","meta":{"footnotes":""},"class_list":["post-238","page","type-page","status-publish","hentry"],"_links":{"self":[{"href":"https:\/\/archipeluniversity.com\/es\/wp-json\/wp\/v2\/pages\/238","targetHints":{"allow":["GET"]}}],"collection":[{"href":"https:\/\/archipeluniversity.com\/es\/wp-json\/wp\/v2\/pages"}],"about":[{"href":"https:\/\/archipeluniversity.com\/es\/wp-json\/wp\/v2\/types\/page"}],"author":[{"embeddable":true,"href":"https:\/\/archipeluniversity.com\/es\/wp-json\/wp\/v2\/users\/1"}],"replies":[{"embeddable":true,"href":"https:\/\/archipeluniversity.com\/es\/wp-json\/wp\/v2\/comments?post=238"}],"version-history":[{"count":76,"href":"https:\/\/archipeluniversity.com\/es\/wp-json\/wp\/v2\/pages\/238\/revisions"}],"predecessor-version":[{"id":959,"href":"https:\/\/archipeluniversity.com\/es\/wp-json\/wp\/v2\/pages\/238\/revisions\/959"}],"wp:attachment":[{"href":"https:\/\/archipeluniversity.com\/es\/wp-json\/wp\/v2\/media?parent=238"}],"curies":[{"name":"wp","href":"https:\/\/api.w.org\/{rel}","templated":true}]}}