{"id":967,"date":"2023-06-10T13:07:28","date_gmt":"2023-06-10T13:07:28","guid":{"rendered":"https:\/\/archipeluniversity.com\/product\/album\/"},"modified":"2023-06-10T13:09:15","modified_gmt":"2023-06-10T13:09:15","slug":"album","status":"publish","type":"product","link":"https:\/\/archipeluniversity.com\/es\/product\/album\/","title":{"rendered":"Grado Asociado 2 A\u00f1os"},"content":{"rendered":"<p>\u00c1lbum rese\u00f1ado y elegido por Woo.<\/p>","protected":false},"excerpt":{"rendered":"<p>Este es un producto simple y virtual.<\/p>","protected":false},"featured_media":966,"template":"","meta":[],"product_cat":[32],"product_tag":[],"class_list":["post-967","product","type-product","status-publish","has-post-thumbnail","hentry","product_cat-degree"],"_links":{"self":[{"href":"https:\/\/archipeluniversity.com\/es\/wp-json\/wp\/v2\/product\/967","targetHints":{"allow":["GET"]}}],"collection":[{"href":"https:\/\/archipeluniversity.com\/es\/wp-json\/wp\/v2\/product"}],"about":[{"href":"https:\/\/archipeluniversity.com\/es\/wp-json\/wp\/v2\/types\/product"}],"wp:featuredmedia":[{"embeddable":true,"href":"https:\/\/archipeluniversity.com\/es\/wp-json\/wp\/v2\/media\/966"}],"wp:attachment":[{"href":"https:\/\/archipeluniversity.com\/es\/wp-json\/wp\/v2\/media?parent=967"}],"wp:term":[{"taxonomy":"product_cat","embeddable":true,"href":"https:\/\/archipeluniversity.com\/es\/wp-json\/wp\/v2\/product_cat?post=967"},{"taxonomy":"product_tag","embeddable":true,"href":"https:\/\/archipeluniversity.com\/es\/wp-json\/wp\/v2\/product_tag?post=967"}],"curies":[{"name":"wp","href":"https:\/\/api.w.org\/{rel}","templated":true}]}}