{"id":969,"date":"2023-06-10T13:10:30","date_gmt":"2023-06-10T13:10:30","guid":{"rendered":"https:\/\/archipeluniversity.com\/?post_type=product&#038;p=969"},"modified":"2023-06-10T13:10:53","modified_gmt":"2023-06-10T13:10:53","slug":"bachelor-degree-4-years","status":"publish","type":"product","link":"https:\/\/archipeluniversity.com\/es\/product\/bachelor-degree-4-years\/","title":{"rendered":"Licenciatura 4 a\u00f1os"},"content":{"rendered":"<p>\u00c1lbum rese\u00f1ado y elegido por Woo.<\/p>","protected":false},"excerpt":{"rendered":"<p>Este es un producto simple y virtual.<\/p>","protected":false},"featured_media":966,"template":"","meta":[],"product_cat":[32],"product_tag":[],"class_list":["post-969","product","type-product","status-publish","has-post-thumbnail","hentry","product_cat-degree"],"_links":{"self":[{"href":"https:\/\/archipeluniversity.com\/es\/wp-json\/wp\/v2\/product\/969","targetHints":{"allow":["GET"]}}],"collection":[{"href":"https:\/\/archipeluniversity.com\/es\/wp-json\/wp\/v2\/product"}],"about":[{"href":"https:\/\/archipeluniversity.com\/es\/wp-json\/wp\/v2\/types\/product"}],"wp:featuredmedia":[{"embeddable":true,"href":"https:\/\/archipeluniversity.com\/es\/wp-json\/wp\/v2\/media\/966"}],"wp:attachment":[{"href":"https:\/\/archipeluniversity.com\/es\/wp-json\/wp\/v2\/media?parent=969"}],"wp:term":[{"taxonomy":"product_cat","embeddable":true,"href":"https:\/\/archipeluniversity.com\/es\/wp-json\/wp\/v2\/product_cat?post=969"},{"taxonomy":"product_tag","embeddable":true,"href":"https:\/\/archipeluniversity.com\/es\/wp-json\/wp\/v2\/product_tag?post=969"}],"curies":[{"name":"wp","href":"https:\/\/api.w.org\/{rel}","templated":true}]}}