{"id":971,"date":"2023-06-10T13:11:47","date_gmt":"2023-06-10T13:11:47","guid":{"rendered":"https:\/\/archipeluniversity.com\/?post_type=product&#038;p=971"},"modified":"2023-06-10T13:12:07","modified_gmt":"2023-06-10T13:12:07","slug":"doctorate-degree-2-years-with-masters","status":"publish","type":"product","link":"https:\/\/archipeluniversity.com\/es\/product\/doctorate-degree-2-years-with-masters\/","title":{"rendered":"Doctorado 2 a\u00f1os con Maestr\u00eda"},"content":{"rendered":"<p>\u00c1lbum rese\u00f1ado y elegido por Woo.<\/p>","protected":false},"excerpt":{"rendered":"<p>Este es un producto simple y virtual.<\/p>","protected":false},"featured_media":966,"template":"","meta":[],"product_cat":[32],"product_tag":[],"class_list":["post-971","product","type-product","status-publish","has-post-thumbnail","hentry","product_cat-degree"],"_links":{"self":[{"href":"https:\/\/archipeluniversity.com\/es\/wp-json\/wp\/v2\/product\/971","targetHints":{"allow":["GET"]}}],"collection":[{"href":"https:\/\/archipeluniversity.com\/es\/wp-json\/wp\/v2\/product"}],"about":[{"href":"https:\/\/archipeluniversity.com\/es\/wp-json\/wp\/v2\/types\/product"}],"wp:featuredmedia":[{"embeddable":true,"href":"https:\/\/archipeluniversity.com\/es\/wp-json\/wp\/v2\/media\/966"}],"wp:attachment":[{"href":"https:\/\/archipeluniversity.com\/es\/wp-json\/wp\/v2\/media?parent=971"}],"wp:term":[{"taxonomy":"product_cat","embeddable":true,"href":"https:\/\/archipeluniversity.com\/es\/wp-json\/wp\/v2\/product_cat?post=971"},{"taxonomy":"product_tag","embeddable":true,"href":"https:\/\/archipeluniversity.com\/es\/wp-json\/wp\/v2\/product_tag?post=971"}],"curies":[{"name":"wp","href":"https:\/\/api.w.org\/{rel}","templated":true}]}}