{"id":238,"date":"2023-01-20T01:44:58","date_gmt":"2023-01-20T01:44:58","guid":{"rendered":"https:\/\/archipeluniversity.com\/?page_id=238"},"modified":"2023-05-07T15:30:40","modified_gmt":"2023-05-07T15:30:40","slug":"about-us","status":"publish","type":"page","link":"https:\/\/archipeluniversity.com\/fr\/about-us\/","title":{"rendered":"\u00c0 propos de nous"},"content":{"rendered":"<div data-elementor-type=\"wp-page\" data-elementor-id=\"238\" class=\"elementor elementor-238\">\n\t\t\t\t\t\t\t\t\t<section class=\"elementor-section elementor-top-section elementor-element elementor-element-2e76e100 elementor-section-boxed elementor-section-height-default elementor-section-height-default\" data-id=\"2e76e100\" data-element_type=\"section\" data-settings=\"{&quot;background_background&quot;:&quot;classic&quot;}\">\n\t\t\t\t\t\t\t<div class=\"elementor-background-overlay\"><\/div>\n\t\t\t\t\t\t\t<div class=\"elementor-container elementor-column-gap-default\">\n\t\t\t\t\t<div class=\"elementor-column elementor-col-100 elementor-top-column elementor-element elementor-element-21095b9b\" data-id=\"21095b9b\" data-element_type=\"column\">\n\t\t\t<div class=\"elementor-widget-wrap elementor-element-populated\">\n\t\t\t\t\t\t\t\t<section class=\"elementor-section elementor-inner-section elementor-element elementor-element-21a99c4e elementor-section-boxed elementor-section-height-default elementor-section-height-default\" data-id=\"21a99c4e\" data-element_type=\"section\">\n\t\t\t\t\t\t<div class=\"elementor-container elementor-column-gap-default\">\n\t\t\t\t\t<div class=\"elementor-column elementor-col-100 elementor-inner-column elementor-element elementor-element-d677c78\" data-id=\"d677c78\" data-element_type=\"column\">\n\t\t\t<div class=\"elementor-widget-wrap elementor-element-populated\">\n\t\t\t\t\t\t\t\t<div class=\"elementor-element elementor-element-4d14eca8 elementor-invisible elementor-widget elementor-widget-heading\" data-id=\"4d14eca8\" data-element_type=\"widget\" data-settings=\"{&quot;_animation&quot;:&quot;fadeInUp&quot;}\" data-widget_type=\"heading.default\">\n\t\t\t\t<div class=\"elementor-widget-container\">\n\t\t\t<style>\/*! elementor - v3.11.0 - 13-02-2023 *\/\n.elementor-heading-title{padding:0;margin:0;line-height:1}.elementor-widget-heading .elementor-heading-title[class*=elementor-size-]>a{color:inherit;font-size:inherit;line-height:inherit}.elementor-widget-heading .elementor-heading-title.elementor-size-small{font-size:15px}.elementor-widget-heading .elementor-heading-title.elementor-size-medium{font-size:19px}.elementor-widget-heading .elementor-heading-title.elementor-size-large{font-size:29px}.elementor-widget-heading .elementor-heading-title.elementor-size-xl{font-size:39px}.elementor-widget-heading .elementor-heading-title.elementor-size-xxl{font-size:59px}<\/style><h1 class=\"elementor-heading-title elementor-size-default\">Apprendre et prosp\u00e9rer<\/h1>\t\t<\/div>\n\t\t\t\t<\/div>\n\t\t\t\t<div class=\"elementor-element elementor-element-613b52dc elementor-invisible elementor-widget elementor-widget-heading\" data-id=\"613b52dc\" data-element_type=\"widget\" data-settings=\"{&quot;_animation&quot;:&quot;fadeInUp&quot;,&quot;_animation_delay&quot;:200}\" data-widget_type=\"heading.default\">\n\t\t\t\t<div class=\"elementor-widget-container\">\n\t\t\t<h4 class=\"elementor-heading-title elementor-size-default\">Archipel University Business English Center est \u00e9quip\u00e9 de syst\u00e8mes d&#039;information qui facilitent un apprentissage pratique rapide avec des professeurs comp\u00e9tents, principalement issus d&#039;universit\u00e9s am\u00e9ricaines. Notre objectif principal est de proposer un enseignement sup\u00e9rieur bilingue fran\u00e7ais\/anglais, garantissant un dipl\u00f4me mod\u00e8le am\u00e9ricain.<\/h4>\t\t<\/div>\n\t\t\t\t<\/div>\n\t\t\t\t\t<\/div>\n\t\t<\/div>\n\t\t\t\t\t\t\t<\/div>\n\t\t<\/section>\n\t\t\t\t\t<\/div>\n\t\t<\/div>\n\t\t\t\t\t\t\t<\/div>\n\t\t<\/section>\n\t\t\t\t<section class=\"elementor-section elementor-top-section elementor-element elementor-element-6a6ae2e8 elementor-section-content-middle elementor-section-boxed elementor-section-height-default elementor-section-height-default\" data-id=\"6a6ae2e8\" data-element_type=\"section\">\n\t\t\t\t\t\t<div class=\"elementor-container elementor-column-gap-default\">\n\t\t\t\t\t<div class=\"elementor-column elementor-col-50 elementor-top-column elementor-element elementor-element-a821d6b elementor-invisible\" data-id=\"a821d6b\" data-element_type=\"column\" data-settings=\"{&quot;animation&quot;:&quot;fadeInLeft&quot;}\">\n\t\t\t<div class=\"elementor-widget-wrap elementor-element-populated\">\n\t\t\t\t\t\t\t\t<div class=\"elementor-element elementor-element-71254d75 elementor-widget elementor-widget-heading\" data-id=\"71254d75\" data-element_type=\"widget\" data-widget_type=\"heading.default\">\n\t\t\t\t<div class=\"elementor-widget-container\">\n\t\t\t<h2 class=\"elementor-heading-title elementor-size-default\">Centre d&#039;anglais des affaires de l&#039;Universit\u00e9 Archipel<\/h2>\t\t<\/div>\n\t\t\t\t<\/div>\n\t\t\t\t<div class=\"elementor-element elementor-element-3f04712d elementor-widget elementor-widget-text-editor\" data-id=\"3f04712d\" data-element_type=\"widget\" data-widget_type=\"text-editor.default\">\n\t\t\t\t<div class=\"elementor-widget-container\">\n\t\t\t<style>\/*! elementor - v3.11.0 - 13-02-2023 *\/\n.elementor-widget-text-editor.elementor-drop-cap-view-stacked .elementor-drop-cap{background-color:#818a91;color:#fff}.elementor-widget-text-editor.elementor-drop-cap-view-framed .elementor-drop-cap{color:#818a91;border:3px solid;background-color:transparent}.elementor-widget-text-editor:not(.elementor-drop-cap-view-default) .elementor-drop-cap{margin-top:8px}.elementor-widget-text-editor:not(.elementor-drop-cap-view-default) .elementor-drop-cap-letter{width:1em;height:1em}.elementor-widget-text-editor .elementor-drop-cap{float:left;text-align:center;line-height:1;font-size:50px}.elementor-widget-text-editor .elementor-drop-cap-letter{display:inline-block}<\/style>\t\t\t\t<p>Archipel University Business English Center est \u00e9quip\u00e9 de syst\u00e8mes d&#039;information qui facilitent un apprentissage pratique rapide avec des professeurs comp\u00e9tents, principalement issus d&#039;universit\u00e9s am\u00e9ricaines.<\/p><p><br \/>Archipel University combine les \u00e9l\u00e9ments de l&#039;apprentissage traditionnel et en ligne dans le but de fournir un enseignement sup\u00e9rieur pratique pour assurer le d\u00e9veloppement durable par l&#039;\u00e9ducation.<\/p><p>Le centre recherche activement des partenariats publics et priv\u00e9s ainsi que l&#039;engagement des communaut\u00e9s religieuses dans la cr\u00e9ation d&#039;emplois pour lutter contre le ch\u00f4mage.<\/p><p>\u00c0 une \u00e9poque o\u00f9 la technologie cr\u00e9e une r\u00e9volution dans l&#039;\u00e9ducation, des milliers d&#039;\u00e9tudiants peuvent acc\u00e9der \u00e0 cette force cr\u00e9atrice qui peut assurer un avenir meilleur \u00e0 l&#039;individu et \u00e0 sa communaut\u00e9.<\/p><p>Avec un programme de plus de 1 000 cours \u00e0 notre r\u00e9pertoire, notre objectif est d&#039;int\u00e9grer des milliers de jeunes et tous ceux qui ont soif de connaissances pour leur d\u00e9veloppement individuel, social et \u00e9conomique avec des enseignants et tuteurs am\u00e9ricains.<\/p>\t\t\t\t\t\t<\/div>\n\t\t\t\t<\/div>\n\t\t\t\t\t<\/div>\n\t\t<\/div>\n\t\t\t\t<div class=\"elementor-column elementor-col-50 elementor-top-column elementor-element elementor-element-19bd46ee elementor-invisible\" data-id=\"19bd46ee\" data-element_type=\"column\" data-settings=\"{&quot;animation&quot;:&quot;fadeInRight&quot;}\">\n\t\t\t<div class=\"elementor-widget-wrap elementor-element-populated\">\n\t\t\t\t\t\t\t\t<div class=\"elementor-element elementor-element-662c9023 elementor-widget elementor-widget-image\" data-id=\"662c9023\" data-element_type=\"widget\" data-widget_type=\"image.default\">\n\t\t\t\t<div class=\"elementor-widget-container\">\n\t\t\t<style>\/*! elementor - v3.11.0 - 13-02-2023 *\/\n.elementor-widget-image{text-align:center}.elementor-widget-image a{display:inline-block}.elementor-widget-image a img[src$=\".svg\"]{width:48px}.elementor-widget-image img{vertical-align:middle;display:inline-block}<\/style>\t\t\t\t\t\t\t\t\t\t\t\t<img loading=\"lazy\" decoding=\"async\" width=\"1280\" height=\"853\" src=\"https:\/\/archipeluniversity.com\/wp-content\/uploads\/2023\/01\/generic_imgs_01.jpg\" class=\"attachment-full size-full wp-image-94\" alt=\"\" srcset=\"https:\/\/archipeluniversity.com\/wp-content\/uploads\/2023\/01\/generic_imgs_01.jpg 1280w, https:\/\/archipeluniversity.com\/wp-content\/uploads\/2023\/01\/generic_imgs_01-300x200.jpg 300w, https:\/\/archipeluniversity.com\/wp-content\/uploads\/2023\/01\/generic_imgs_01-1024x682.jpg 1024w, https:\/\/archipeluniversity.com\/wp-content\/uploads\/2023\/01\/generic_imgs_01-768x512.jpg 768w\" sizes=\"auto, (max-width: 1280px) 100vw, 1280px\" \/>\t\t\t\t\t\t\t\t\t\t\t\t\t\t\t<\/div>\n\t\t\t\t<\/div>\n\t\t\t\t\t<\/div>\n\t\t<\/div>\n\t\t\t\t\t\t\t<\/div>\n\t\t<\/section>\n\t\t\t\t<section class=\"elementor-section elementor-top-section elementor-element elementor-element-2504493 elementor-section-content-middle elementor-section-boxed elementor-section-height-default elementor-section-height-default\" data-id=\"2504493\" data-element_type=\"section\">\n\t\t\t\t\t\t<div class=\"elementor-container elementor-column-gap-default\">\n\t\t\t\t\t<div class=\"elementor-column elementor-col-50 elementor-top-column elementor-element elementor-element-60260a1 elementor-invisible\" data-id=\"60260a1\" data-element_type=\"column\" data-settings=\"{&quot;animation&quot;:&quot;fadeInRight&quot;}\">\n\t\t\t<div class=\"elementor-widget-wrap elementor-element-populated\">\n\t\t\t\t\t\t\t\t<div class=\"elementor-element elementor-element-02281c4 elementor-widget elementor-widget-image\" data-id=\"02281c4\" data-element_type=\"widget\" data-widget_type=\"image.default\">\n\t\t\t\t<div class=\"elementor-widget-container\">\n\t\t\t\t\t\t\t\t\t\t\t\t\t\t\t<img loading=\"lazy\" decoding=\"async\" width=\"1280\" height=\"853\" src=\"https:\/\/archipeluniversity.com\/wp-content\/uploads\/2023\/04\/boston.jpg\" class=\"attachment-full size-full wp-image-881\" alt=\"\" srcset=\"https:\/\/archipeluniversity.com\/wp-content\/uploads\/2023\/04\/boston.jpg 1280w, https:\/\/archipeluniversity.com\/wp-content\/uploads\/2023\/04\/boston-300x200.jpg 300w, https:\/\/archipeluniversity.com\/wp-content\/uploads\/2023\/04\/boston-1024x682.jpg 1024w, https:\/\/archipeluniversity.com\/wp-content\/uploads\/2023\/04\/boston-768x512.jpg 768w, https:\/\/archipeluniversity.com\/wp-content\/uploads\/2023\/04\/boston-18x12.jpg 18w, https:\/\/archipeluniversity.com\/wp-content\/uploads\/2023\/04\/boston-600x400.jpg 600w\" sizes=\"auto, (max-width: 1280px) 100vw, 1280px\" \/>\t\t\t\t\t\t\t\t\t\t\t\t\t\t\t<\/div>\n\t\t\t\t<\/div>\n\t\t\t\t\t<\/div>\n\t\t<\/div>\n\t\t\t\t<div class=\"elementor-column elementor-col-50 elementor-top-column elementor-element elementor-element-c1bd3f4 elementor-invisible\" data-id=\"c1bd3f4\" data-element_type=\"column\" data-settings=\"{&quot;animation&quot;:&quot;fadeInLeft&quot;}\">\n\t\t\t<div class=\"elementor-widget-wrap elementor-element-populated\">\n\t\t\t\t\t\t\t\t<div class=\"elementor-element elementor-element-2ebdfd9 elementor-widget elementor-widget-heading\" data-id=\"2ebdfd9\" data-element_type=\"widget\" data-widget_type=\"heading.default\">\n\t\t\t\t<div class=\"elementor-widget-container\">\n\t\t\t<h2 class=\"elementor-heading-title elementor-size-default\">Fondation Eritaj Inc<\/h2>\t\t<\/div>\n\t\t\t\t<\/div>\n\t\t\t\t<div class=\"elementor-element elementor-element-41bed75 elementor-widget elementor-widget-text-editor\" data-id=\"41bed75\" data-element_type=\"widget\" data-widget_type=\"text-editor.default\">\n\t\t\t\t<div class=\"elementor-widget-container\">\n\t\t\t\t\t\t\t<p>Eritaj Foundation, une fondation communautaire bas\u00e9e \u00e0 <strong>Massachusetts<\/strong>, promeut le d\u00e9veloppement humain et communautaire en Ha\u00efti depuis 1999.<\/p><p>Nos partenaires, \u00e9glises, \u00e9coles et centres de sant\u00e9, ont servi<strong> des milliers d&#039;enfants, de jeunes et leurs familles<\/strong>, fournissant une \u00e9ducation, des conseils spirituels et des ressources, la pr\u00e9vention de la sant\u00e9 et le d\u00e9veloppement \u00e9conomique, indispensables pour panser les plaies du pays.<\/p><p>Nous avons publi\u00e9 les newsletters Eritaj Chronicle pour<strong> plus de 8 ans<\/strong>, mettant en valeur le travail acharn\u00e9 de nos partenaires, une expression du besoin aigu d&#039;une plus grande collaboration entre les institutions ha\u00eftiennes pour solidifier le tissu de la soci\u00e9t\u00e9. Grandes et petites, locales et internationales, avec ou sans un budget d\u00e9cent, avec des experts ou en t\u00e2tonnant avec des n\u00e9ophytes, presque toutes les ONG et OBNL travaillant en Ha\u00efti ont b\u00e9n\u00e9fici\u00e9 de l&#039;engagement d&#039;Eritaj \u00e0 cr\u00e9er un h\u00e9ritage d&#039;espoir pour une meilleure Ha\u00efti.<\/p><p>\u200b<strong>Centre d&#039;anglais des affaires de l&#039;Universit\u00e9 Archipel<\/strong>, une \u00e9manation de la Fondation Eritaj, soutient que la charit\u00e9 sera un plus grand fardeau pour Ha\u00efti, au lieu de produire les premiers r\u00e9sultats esp\u00e9r\u00e9s. Nous observons, apr\u00e8s pr\u00e8s de deux d\u00e9cennies d&#039;immersion et de pratique, qu&#039;une \u00e9ducation pratique affin\u00e9e coupl\u00e9e \u00e0 des valeurs fondamentales que les citoyens ha\u00eftiens ont traditionnellement ch\u00e8res, sera le vecteur important de changement pour les communaut\u00e9s \u00e0 travers le pays.<\/p><p>Le voyage se d\u00e9roule avec toutes les d\u00e9licieuses surprises de la vie et les \u00e9checs occasionnels. Pourtant, on continue ! Nous vous invitons \u00e0 participer \u00e0 l&#039;histoire avec le <strong>premier syst\u00e8me d&#039;enseignement sup\u00e9rieur anglais du pays<\/strong>. Nous savons qu&#039;en tant qu&#039;\u00e9tudiant, professeur ou participant, votre propre parcours peut \u00eatre am\u00e9lior\u00e9 et trouver un sens \u00e0 ce travail d&#039;amour.<\/p><p>Rejoignez-nous pour une g\u00e9n\u00e9ration meilleure et plus forte de leaders pour Ha\u00efti\u00a0!<\/p>\t\t\t\t\t\t<\/div>\n\t\t\t\t<\/div>\n\t\t\t\t\t<\/div>\n\t\t<\/div>\n\t\t\t\t\t\t\t<\/div>\n\t\t<\/section>\n\t\t\t\t<section class=\"elementor-section elementor-top-section elementor-element elementor-element-377e746c elementor-section-boxed elementor-section-height-default elementor-section-height-default\" data-id=\"377e746c\" data-element_type=\"section\" data-settings=\"{&quot;background_background&quot;:&quot;classic&quot;}\">\n\t\t\t\t\t\t<div class=\"elementor-container elementor-column-gap-default\">\n\t\t\t\t\t<div class=\"elementor-column elementor-col-100 elementor-top-column elementor-element elementor-element-a97e83f\" data-id=\"a97e83f\" data-element_type=\"column\">\n\t\t\t<div class=\"elementor-widget-wrap elementor-element-populated\">\n\t\t\t\t\t\t\t\t<section class=\"elementor-section elementor-inner-section elementor-element elementor-element-696f9b7c elementor-section-boxed elementor-section-height-default elementor-section-height-default elementor-invisible\" data-id=\"696f9b7c\" data-element_type=\"section\" data-settings=\"{&quot;animation&quot;:&quot;fadeIn&quot;,&quot;animation_delay&quot;:200}\">\n\t\t\t\t\t\t<div class=\"elementor-container elementor-column-gap-default\">\n\t\t\t\t\t<div class=\"elementor-column elementor-col-50 elementor-inner-column elementor-element elementor-element-141b9f3c\" data-id=\"141b9f3c\" data-element_type=\"column\">\n\t\t\t<div class=\"elementor-widget-wrap elementor-element-populated\">\n\t\t\t\t\t\t\t\t<div class=\"elementor-element elementor-element-4953c3e9 elementor-widget elementor-widget-heading\" data-id=\"4953c3e9\" data-element_type=\"widget\" data-widget_type=\"heading.default\">\n\t\t\t\t<div class=\"elementor-widget-container\">\n\t\t\t<h2 class=\"elementor-heading-title elementor-size-default\"> La soci\u00e9t\u00e9 m\u00e8re de l&#039;Universit\u00e9 Archipel est une organisation \u00e0 but non lucratif, 501 (c) 3, fond\u00e9e en 1999, \u00e0 Boston, Massachusetts\n<\/h2>\t\t<\/div>\n\t\t\t\t<\/div>\n\t\t\t\t\t<\/div>\n\t\t<\/div>\n\t\t\t\t<div class=\"elementor-column elementor-col-50 elementor-inner-column elementor-element elementor-element-2b57f2c\" data-id=\"2b57f2c\" data-element_type=\"column\">\n\t\t\t<div class=\"elementor-widget-wrap elementor-element-populated\">\n\t\t\t\t\t\t\t\t<div class=\"elementor-element elementor-element-1753cf24 elementor-widget elementor-widget-text-editor\" data-id=\"1753cf24\" data-element_type=\"widget\" data-widget_type=\"text-editor.default\">\n\t\t\t\t<div class=\"elementor-widget-container\">\n\t\t\t\t\t\t\t<p><b>Archipel<\/b><b> Le centre universitaire est un syst\u00e8me d&#039;apprentissage non traditionnel<\/b><\/p>\t\t\t\t\t\t<\/div>\n\t\t\t\t<\/div>\n\t\t\t\t\t<\/div>\n\t\t<\/div>\n\t\t\t\t\t\t\t<\/div>\n\t\t<\/section>\n\t\t\t\t<section class=\"elementor-section elementor-inner-section elementor-element elementor-element-47ee420b elementor-section-boxed elementor-section-height-default elementor-section-height-default elementor-invisible\" data-id=\"47ee420b\" data-element_type=\"section\" data-settings=\"{&quot;animation&quot;:&quot;fadeIn&quot;,&quot;animation_delay&quot;:300}\">\n\t\t\t\t\t\t<div class=\"elementor-container elementor-column-gap-default\">\n\t\t\t\t\t<div class=\"elementor-column elementor-col-33 elementor-inner-column elementor-element elementor-element-59bc657e\" data-id=\"59bc657e\" data-element_type=\"column\">\n\t\t\t<div class=\"elementor-widget-wrap elementor-element-populated\">\n\t\t\t\t\t\t\t\t<div class=\"elementor-element elementor-element-65819133 elementor-widget elementor-widget-counter\" data-id=\"65819133\" data-element_type=\"widget\" data-widget_type=\"counter.default\">\n\t\t\t\t<div class=\"elementor-widget-container\">\n\t\t\t<style>\/*! elementor - v3.11.0 - 13-02-2023 *\/\n.elementor-counter .elementor-counter-number-wrapper{display:flex;font-size:69px;font-weight:600;line-height:1}.elementor-counter .elementor-counter-number-prefix,.elementor-counter .elementor-counter-number-suffix{flex-grow:1;white-space:pre-wrap}.elementor-counter .elementor-counter-number-prefix{text-align:right}.elementor-counter .elementor-counter-number-suffix{text-align:left}.elementor-counter .elementor-counter-title{text-align:center;font-size:19px;font-weight:400;line-height:2.5}<\/style>\t\t<div class=\"elementor-counter\">\n\t\t\t<div class=\"elementor-counter-number-wrapper\">\n\t\t\t\t<span class=\"elementor-counter-number-prefix\"><\/span>\n\t\t\t\t<span class=\"elementor-counter-number\" data-duration=\"2000\" data-to-value=\"91\" data-from-value=\"0\" data-delimiter=\",\">0<\/span>\n\t\t\t\t<span class=\"elementor-counter-number-suffix\">%<\/span>\n\t\t\t<\/div>\n\t\t\t\t\t\t\t<div class=\"elementor-counter-title\">Travailler avec les \u00e9coles et les \u00e9glises<\/div>\n\t\t\t\t\t<\/div>\n\t\t\t\t<\/div>\n\t\t\t\t<\/div>\n\t\t\t\t\t<\/div>\n\t\t<\/div>\n\t\t\t\t<div class=\"elementor-column elementor-col-33 elementor-inner-column elementor-element elementor-element-5d0d596c\" data-id=\"5d0d596c\" data-element_type=\"column\">\n\t\t\t<div class=\"elementor-widget-wrap elementor-element-populated\">\n\t\t\t\t\t\t\t\t<div class=\"elementor-element elementor-element-447d22ed elementor-widget elementor-widget-counter\" data-id=\"447d22ed\" data-element_type=\"widget\" data-widget_type=\"counter.default\">\n\t\t\t\t<div class=\"elementor-widget-container\">\n\t\t\t\t\t<div class=\"elementor-counter\">\n\t\t\t<div class=\"elementor-counter-number-wrapper\">\n\t\t\t\t<span class=\"elementor-counter-number-prefix\"><\/span>\n\t\t\t\t<span class=\"elementor-counter-number\" data-duration=\"2000\" data-to-value=\"4.2\" data-from-value=\"0\" data-delimiter=\",\">0<\/span>\n\t\t\t\t<span class=\"elementor-counter-number-suffix\">+<\/span>\n\t\t\t<\/div>\n\t\t\t\t\t\t\t<div class=\"elementor-counter-title\">Bi = Magazine mensuel<\/div>\n\t\t\t\t\t<\/div>\n\t\t\t\t<\/div>\n\t\t\t\t<\/div>\n\t\t\t\t\t<\/div>\n\t\t<\/div>\n\t\t\t\t<div class=\"elementor-column elementor-col-33 elementor-inner-column elementor-element elementor-element-439f6f58\" data-id=\"439f6f58\" data-element_type=\"column\">\n\t\t\t<div class=\"elementor-widget-wrap elementor-element-populated\">\n\t\t\t\t\t\t\t\t<div class=\"elementor-element elementor-element-60c5858e elementor-widget elementor-widget-counter\" data-id=\"60c5858e\" data-element_type=\"widget\" data-widget_type=\"counter.default\">\n\t\t\t\t<div class=\"elementor-widget-container\">\n\t\t\t\t\t<div class=\"elementor-counter\">\n\t\t\t<div class=\"elementor-counter-number-wrapper\">\n\t\t\t\t<span class=\"elementor-counter-number-prefix\"><\/span>\n\t\t\t\t<span class=\"elementor-counter-number\" data-duration=\"2000\" data-to-value=\"93\" data-from-value=\"0\" data-delimiter=\",\">0<\/span>\n\t\t\t\t<span class=\"elementor-counter-number-suffix\">%<\/span>\n\t\t\t<\/div>\n\t\t\t\t\t\t\t<div class=\"elementor-counter-title\">Programme de micro-cr\u00e9dit<\/div>\n\t\t\t\t\t<\/div>\n\t\t\t\t<\/div>\n\t\t\t\t<\/div>\n\t\t\t\t\t<\/div>\n\t\t<\/div>\n\t\t\t\t\t\t\t<\/div>\n\t\t<\/section>\n\t\t\t\t\t<\/div>\n\t\t<\/div>\n\t\t\t\t\t\t\t<\/div>\n\t\t<\/section>\n\t\t\t\t<section class=\"elementor-section elementor-top-section elementor-element elementor-element-449df16d elementor-section-boxed elementor-section-height-default elementor-section-height-default\" data-id=\"449df16d\" data-element_type=\"section\" data-settings=\"{&quot;background_background&quot;:&quot;classic&quot;}\">\n\t\t\t\t\t\t\t<div class=\"elementor-background-overlay\"><\/div>\n\t\t\t\t\t\t\t<div class=\"elementor-container elementor-column-gap-default\">\n\t\t\t\t\t<div class=\"elementor-column elementor-col-100 elementor-top-column elementor-element elementor-element-3887dc1d elementor-invisible\" data-id=\"3887dc1d\" data-element_type=\"column\" data-settings=\"{&quot;animation&quot;:&quot;fadeInUp&quot;}\">\n\t\t\t<div class=\"elementor-widget-wrap elementor-element-populated\">\n\t\t\t\t\t\t\t\t<div class=\"elementor-element elementor-element-606c965c elementor-widget elementor-widget-heading\" data-id=\"606c965c\" data-element_type=\"widget\" data-widget_type=\"heading.default\">\n\t\t\t\t<div class=\"elementor-widget-container\">\n\t\t\t<h2 class=\"elementor-heading-title elementor-size-default\">Les \u00e9tudiants praticiens travaillent aux c\u00f4t\u00e9s des membres du corps professoral, des directeurs r\u00e9gionaux et des gestionnaires pour soutenir le processus d&#039;apprentissage.<\/h2>\t\t<\/div>\n\t\t\t\t<\/div>\n\t\t\t\t\t<\/div>\n\t\t<\/div>\n\t\t\t\t\t\t\t<\/div>\n\t\t<\/section>\n\t\t\t\t<section class=\"elementor-section elementor-top-section elementor-element elementor-element-c5fdce9 elementor-section-boxed elementor-section-height-default elementor-section-height-default\" data-id=\"c5fdce9\" data-element_type=\"section\" data-settings=\"{&quot;background_background&quot;:&quot;classic&quot;}\">\n\t\t\t\t\t\t\t<div class=\"elementor-background-overlay\"><\/div>\n\t\t\t\t\t\t\t<div class=\"elementor-container elementor-column-gap-default\">\n\t\t\t\t\t<div class=\"elementor-column elementor-col-100 elementor-top-column elementor-element elementor-element-b5c726a\" data-id=\"b5c726a\" data-element_type=\"column\">\n\t\t\t<div class=\"elementor-widget-wrap elementor-element-populated\">\n\t\t\t\t\t\t\t\t<div class=\"elementor-element elementor-element-baa10f9 elementor-widget elementor-widget-heading\" data-id=\"baa10f9\" data-element_type=\"widget\" data-widget_type=\"heading.default\">\n\t\t\t\t<div class=\"elementor-widget-container\">\n\t\t\t<h2 class=\"elementor-heading-title elementor-size-default\">Postulez \u00e0 Archipel University aujourd&#039;hui et d\u00e9couvrez comment la connaissance peut am\u00e9liorer votre vie<\/h2>\t\t<\/div>\n\t\t\t\t<\/div>\n\t\t\t\t<div class=\"elementor-element elementor-element-a00fb95 elementor-align-center elementor-widget elementor-widget-button\" data-id=\"a00fb95\" data-element_type=\"widget\" data-widget_type=\"button.default\">\n\t\t\t\t<div class=\"elementor-widget-container\">\n\t\t\t\t\t<div class=\"elementor-button-wrapper\">\n\t\t\t<a href=\"https:\/\/archipeluniversity.com\/wp-content\/uploads\/2023\/05\/Tuition-au.pdf\" class=\"elementor-button-link elementor-button elementor-size-md\" role=\"button\">\n\t\t\t\t\t\t<span class=\"elementor-button-content-wrapper\">\n\t\t\t\t\t\t<span class=\"elementor-button-text\">Formulaire de scolarit\u00e9<\/span>\n\t\t<\/span>\n\t\t\t\t\t<\/a>\n\t\t<\/div>\n\t\t\t\t<\/div>\n\t\t\t\t<\/div>\n\t\t\t\t\t<\/div>\n\t\t<\/div>\n\t\t\t\t\t\t\t<\/div>\n\t\t<\/section>\n\t\t\t\t\t\t\t<\/div>","protected":false},"excerpt":{"rendered":"<p>Learn &#038; Prosper Archipel University Business English Center is equipped with information systems that facilitate fast practical learning with competent professors, mainly from American universities. Our main objective is to offer a French\/English bilingual higher education, guaranteeing an American model diploma. Archipel University Business English Center Archipel University Business English Center is equipped with information [&hellip;]<\/p>","protected":false},"author":1,"featured_media":0,"parent":0,"menu_order":0,"comment_status":"closed","ping_status":"closed","template":"","meta":{"footnotes":""},"class_list":["post-238","page","type-page","status-publish","hentry"],"_links":{"self":[{"href":"https:\/\/archipeluniversity.com\/fr\/wp-json\/wp\/v2\/pages\/238","targetHints":{"allow":["GET"]}}],"collection":[{"href":"https:\/\/archipeluniversity.com\/fr\/wp-json\/wp\/v2\/pages"}],"about":[{"href":"https:\/\/archipeluniversity.com\/fr\/wp-json\/wp\/v2\/types\/page"}],"author":[{"embeddable":true,"href":"https:\/\/archipeluniversity.com\/fr\/wp-json\/wp\/v2\/users\/1"}],"replies":[{"embeddable":true,"href":"https:\/\/archipeluniversity.com\/fr\/wp-json\/wp\/v2\/comments?post=238"}],"version-history":[{"count":76,"href":"https:\/\/archipeluniversity.com\/fr\/wp-json\/wp\/v2\/pages\/238\/revisions"}],"predecessor-version":[{"id":959,"href":"https:\/\/archipeluniversity.com\/fr\/wp-json\/wp\/v2\/pages\/238\/revisions\/959"}],"wp:attachment":[{"href":"https:\/\/archipeluniversity.com\/fr\/wp-json\/wp\/v2\/media?parent=238"}],"curies":[{"name":"wp","href":"https:\/\/api.w.org\/{rel}","templated":true}]}}