{"id":967,"date":"2023-06-10T13:07:28","date_gmt":"2023-06-10T13:07:28","guid":{"rendered":"https:\/\/archipeluniversity.com\/product\/album\/"},"modified":"2023-06-10T13:09:15","modified_gmt":"2023-06-10T13:09:15","slug":"album","status":"publish","type":"product","link":"https:\/\/archipeluniversity.com\/fr\/produit\/album\/","title":{"rendered":"Dipl\u00f4me d&#039;associ\u00e9 2 ans"},"content":{"rendered":"<p>Album chroniqu\u00e9 et choisi par Woo.<\/p>","protected":false},"excerpt":{"rendered":"<p>Il s\u2019agit d\u2019un produit simple et virtuel.<\/p>","protected":false},"featured_media":966,"template":"","meta":[],"product_cat":[32],"product_tag":[],"class_list":["post-967","product","type-product","status-publish","has-post-thumbnail","hentry","product_cat-degree"],"_links":{"self":[{"href":"https:\/\/archipeluniversity.com\/fr\/wp-json\/wp\/v2\/product\/967","targetHints":{"allow":["GET"]}}],"collection":[{"href":"https:\/\/archipeluniversity.com\/fr\/wp-json\/wp\/v2\/product"}],"about":[{"href":"https:\/\/archipeluniversity.com\/fr\/wp-json\/wp\/v2\/types\/product"}],"wp:featuredmedia":[{"embeddable":true,"href":"https:\/\/archipeluniversity.com\/fr\/wp-json\/wp\/v2\/media\/966"}],"wp:attachment":[{"href":"https:\/\/archipeluniversity.com\/fr\/wp-json\/wp\/v2\/media?parent=967"}],"wp:term":[{"taxonomy":"product_cat","embeddable":true,"href":"https:\/\/archipeluniversity.com\/fr\/wp-json\/wp\/v2\/product_cat?post=967"},{"taxonomy":"product_tag","embeddable":true,"href":"https:\/\/archipeluniversity.com\/fr\/wp-json\/wp\/v2\/product_tag?post=967"}],"curies":[{"name":"wp","href":"https:\/\/api.w.org\/{rel}","templated":true}]}}